{"id":55,"date":"2023-08-26T10:03:44","date_gmt":"2023-08-26T07:03:44","guid":{"rendered":"http:\/\/caylaz.com\/?post_type=product&#038;p=55"},"modified":"2023-08-26T10:06:52","modified_gmt":"2023-08-26T07:06:52","slug":"cay-deneme","status":"publish","type":"product","link":"https:\/\/caylaz.com\/?product=cay-deneme","title":{"rendered":"\u00c7ay Deneme"},"content":{"rendered":"<p>\u00dcr\u00fcn a\u00e7\u0131klamas\u0131 deneme<\/p>\n","protected":false},"excerpt":{"rendered":"<p>\u00fcr\u00fcn a\u00e7iklamas\u0131 2 k\u0131s\u0131m\u00a0 alttaki k\u0131s\u0131m<\/p>\n","protected":false},"featured_media":51,"comment_status":"open","ping_status":"closed","template":"","meta":[],"product_cat":[15,19],"product_tag":[24,21,20,22,23],"_links":{"self":[{"href":"https:\/\/caylaz.com\/index.php?rest_route=\/wp\/v2\/product\/55"}],"collection":[{"href":"https:\/\/caylaz.com\/index.php?rest_route=\/wp\/v2\/product"}],"about":[{"href":"https:\/\/caylaz.com\/index.php?rest_route=\/wp\/v2\/types\/product"}],"replies":[{"embeddable":true,"href":"https:\/\/caylaz.com\/index.php?rest_route=%2Fwp%2Fv2%2Fcomments&post=55"}],"wp:featuredmedia":[{"embeddable":true,"href":"https:\/\/caylaz.com\/index.php?rest_route=\/wp\/v2\/media\/51"}],"wp:attachment":[{"href":"https:\/\/caylaz.com\/index.php?rest_route=%2Fwp%2Fv2%2Fmedia&parent=55"}],"wp:term":[{"taxonomy":"product_cat","embeddable":true,"href":"https:\/\/caylaz.com\/index.php?rest_route=%2Fwp%2Fv2%2Fproduct_cat&post=55"},{"taxonomy":"product_tag","embeddable":true,"href":"https:\/\/caylaz.com\/index.php?rest_route=%2Fwp%2Fv2%2Fproduct_tag&post=55"}],"curies":[{"name":"wp","href":"https:\/\/api.w.org\/{rel}","templated":true}]}}